{"id":72,"date":"2017-01-03T23:15:52","date_gmt":"2017-01-03T23:15:52","guid":{"rendered":"http:\/\/www.kanizsatrans.hu\/?page_id=72"},"modified":"2017-04-27T19:04:26","modified_gmt":"2017-04-27T19:04:26","slug":"galeria","status":"publish","type":"page","link":"https:\/\/www.kanizsatrans.hu\/en\/galeria\/","title":{"rendered":"Gallery"},"content":{"rendered":"\n\t\t<style type=\"text\/css\">\n\t\t\t#gallery-1 {\n\t\t\t\tmargin: auto;\n\t\t\t}\n\t\t\t#gallery-1 .gallery-item {\n\t\t\t\tfloat: left;\n\t\t\t\tmargin-top: 10px;\n\t\t\t\ttext-align: center;\n\t\t\t\twidth: 25%;\n\t\t\t}\n\t\t\t#gallery-1 img {\n\t\t\t\tborder: 2px solid #cfcfcf;\n\t\t\t}\n\t\t\t#gallery-1 .gallery-caption {\n\t\t\t\tmargin-left: 0;\n\t\t\t}\n\t\t\t\/* see gallery_shortcode() in wp-includes\/media.php *\/\n\t\t<\/style>\n\t\t<div id='gallery-1' class='gallery galleryid-72 gallery-columns-4 gallery-size-thumbnail'><dl class='gallery-item'>\n\t\t\t<dt class='gallery-icon portrait'>\n\t\t\t\t<a href='https:\/\/www.kanizsatrans.hu\/wp-content\/uploads\/2017\/01\/IMG_0271.jpg'><img loading=\"lazy\" decoding=\"async\" width=\"150\" height=\"150\" src=\"https:\/\/www.kanizsatrans.hu\/wp-content\/uploads\/2017\/01\/IMG_0271-150x150.jpg\" class=\"attachment-thumbnail size-thumbnail\" alt=\"Scania R410\" aria-describedby=\"gallery-1-188\" \/><\/a>\n\t\t\t<\/dt>\n\t\t\t\t<dd class='wp-caption-text gallery-caption' id='gallery-1-188'>\n\t\t\t\tScania R410\n\t\t\t\t<\/dd><\/dl><dl class='gallery-item'>\n\t\t\t<dt class='gallery-icon landscape'>\n\t\t\t\t<a href='https:\/\/www.kanizsatrans.hu\/wp-content\/uploads\/2017\/01\/IMG_0277.jpg'><img loading=\"lazy\" decoding=\"async\" width=\"150\" height=\"150\" src=\"https:\/\/www.kanizsatrans.hu\/wp-content\/uploads\/2017\/01\/IMG_0277-150x150.jpg\" class=\"attachment-thumbnail size-thumbnail\" alt=\"K\u00f6gel ponyv\u00e1s oldalfalas\" aria-describedby=\"gallery-1-186\" \/><\/a>\n\t\t\t<\/dt>\n\t\t\t\t<dd class='wp-caption-text gallery-caption' id='gallery-1-186'>\n\t\t\t\tK\u00f6gel ponyv\u00e1s oldalfalas\n\t\t\t\t<\/dd><\/dl><dl class='gallery-item'>\n\t\t\t<dt class='gallery-icon landscape'>\n\t\t\t\t<a href='https:\/\/www.kanizsatrans.hu\/wp-content\/uploads\/2017\/01\/IMG_0143.jpg'><img loading=\"lazy\" decoding=\"async\" width=\"150\" height=\"150\" src=\"https:\/\/www.kanizsatrans.hu\/wp-content\/uploads\/2017\/01\/IMG_0143-150x150.jpg\" class=\"attachment-thumbnail size-thumbnail\" alt=\"K\u00f6gel f\u00fcgg\u00f6ny ponyv\u00e1s\" aria-describedby=\"gallery-1-139\" \/><\/a>\n\t\t\t<\/dt>\n\t\t\t\t<dd class='wp-caption-text gallery-caption' id='gallery-1-139'>\n\t\t\t\tK\u00f6gel f\u00fcgg\u00f6ny ponyv\u00e1s\n\t\t\t\t<\/dd><\/dl><dl class='gallery-item'>\n\t\t\t<dt class='gallery-icon portrait'>\n\t\t\t\t<a href='https:\/\/www.kanizsatrans.hu\/wp-content\/uploads\/2016\/11\/IMG_0137.jpg'><img loading=\"lazy\" decoding=\"async\" width=\"150\" height=\"150\" src=\"https:\/\/www.kanizsatrans.hu\/wp-content\/uploads\/2016\/11\/IMG_0137-150x150.jpg\" class=\"attachment-thumbnail size-thumbnail\" alt=\"\" \/><\/a>\n\t\t\t<\/dt><\/dl><br style=\"clear: both\" \/><dl class='gallery-item'>\n\t\t\t<dt class='gallery-icon landscape'>\n\t\t\t\t<a href='https:\/\/www.kanizsatrans.hu\/wp-content\/uploads\/2016\/11\/IMG_0138.jpg'><img loading=\"lazy\" decoding=\"async\" width=\"150\" height=\"150\" src=\"https:\/\/www.kanizsatrans.hu\/wp-content\/uploads\/2016\/11\/IMG_0138-150x150.jpg\" class=\"attachment-thumbnail size-thumbnail\" alt=\"\" \/><\/a>\n\t\t\t<\/dt><\/dl><dl class='gallery-item'>\n\t\t\t<dt class='gallery-icon portrait'>\n\t\t\t\t<a href='https:\/\/www.kanizsatrans.hu\/wp-content\/uploads\/2016\/11\/IMG_0136.jpg'><img loading=\"lazy\" decoding=\"async\" width=\"150\" height=\"150\" src=\"https:\/\/www.kanizsatrans.hu\/wp-content\/uploads\/2016\/11\/IMG_0136-150x150.jpg\" class=\"attachment-thumbnail size-thumbnail\" alt=\"\" \/><\/a>\n\t\t\t<\/dt><\/dl><dl class='gallery-item'>\n\t\t\t<dt class='gallery-icon portrait'>\n\t\t\t\t<a href='https:\/\/www.kanizsatrans.hu\/wp-content\/uploads\/2016\/11\/IMG_0135.jpg'><img loading=\"lazy\" decoding=\"async\" width=\"150\" height=\"150\" src=\"https:\/\/www.kanizsatrans.hu\/wp-content\/uploads\/2016\/11\/IMG_0135-150x150.jpg\" class=\"attachment-thumbnail size-thumbnail\" alt=\"Volvo FH12\" aria-describedby=\"gallery-1-36\" \/><\/a>\n\t\t\t<\/dt>\n\t\t\t\t<dd class='wp-caption-text gallery-caption' id='gallery-1-36'>\n\t\t\t\tVolvo FH12\n\t\t\t\t<\/dd><\/dl><dl class='gallery-item'>\n\t\t\t<dt class='gallery-icon portrait'>\n\t\t\t\t<a href='https:\/\/www.kanizsatrans.hu\/wp-content\/uploads\/2016\/11\/IMG_0134.jpg'><img loading=\"lazy\" decoding=\"async\" width=\"150\" height=\"150\" src=\"https:\/\/www.kanizsatrans.hu\/wp-content\/uploads\/2016\/11\/IMG_0134-150x150.jpg\" class=\"attachment-thumbnail size-thumbnail\" alt=\"Mercedes 1841\" aria-describedby=\"gallery-1-35\" \/><\/a>\n\t\t\t<\/dt>\n\t\t\t\t<dd class='wp-caption-text gallery-caption' id='gallery-1-35'>\n\t\t\t\tMercedes 1841\n\t\t\t\t<\/dd><\/dl><br style=\"clear: both\" \/><dl class='gallery-item'>\n\t\t\t<dt class='gallery-icon portrait'>\n\t\t\t\t<a href='https:\/\/www.kanizsatrans.hu\/wp-content\/uploads\/2016\/11\/IMG_0133.jpg'><img loading=\"lazy\" decoding=\"async\" width=\"150\" height=\"150\" src=\"https:\/\/www.kanizsatrans.hu\/wp-content\/uploads\/2016\/11\/IMG_0133-150x150.jpg\" class=\"attachment-thumbnail size-thumbnail\" alt=\"Volvo FH12\" aria-describedby=\"gallery-1-34\" \/><\/a>\n\t\t\t<\/dt>\n\t\t\t\t<dd class='wp-caption-text gallery-caption' id='gallery-1-34'>\n\t\t\t\tVolvo FH12\n\t\t\t\t<\/dd><\/dl><dl class='gallery-item'>\n\t\t\t<dt class='gallery-icon portrait'>\n\t\t\t\t<a href='https:\/\/www.kanizsatrans.hu\/wp-content\/uploads\/2016\/11\/IMG_0132.jpg'><img loading=\"lazy\" decoding=\"async\" width=\"150\" height=\"150\" src=\"https:\/\/www.kanizsatrans.hu\/wp-content\/uploads\/2016\/11\/IMG_0132-150x150.jpg\" class=\"attachment-thumbnail size-thumbnail\" alt=\"Volvo FH12\" aria-describedby=\"gallery-1-33\" \/><\/a>\n\t\t\t<\/dt>\n\t\t\t\t<dd class='wp-caption-text gallery-caption' id='gallery-1-33'>\n\t\t\t\tVolvo FH12\n\t\t\t\t<\/dd><\/dl><dl class='gallery-item'>\n\t\t\t<dt class='gallery-icon landscape'>\n\t\t\t\t<a href='https:\/\/www.kanizsatrans.hu\/wp-content\/uploads\/2016\/11\/IMG_0123.jpg'><img loading=\"lazy\" decoding=\"async\" width=\"150\" height=\"150\" src=\"https:\/\/www.kanizsatrans.hu\/wp-content\/uploads\/2016\/11\/IMG_0123-150x150.jpg\" class=\"attachment-thumbnail size-thumbnail\" alt=\"\" \/><\/a>\n\t\t\t<\/dt><\/dl><dl class='gallery-item'>\n\t\t\t<dt class='gallery-icon portrait'>\n\t\t\t\t<a href='https:\/\/www.kanizsatrans.hu\/wp-content\/uploads\/2016\/11\/IMG_0122.jpg'><img loading=\"lazy\" decoding=\"async\" width=\"150\" height=\"150\" src=\"https:\/\/www.kanizsatrans.hu\/wp-content\/uploads\/2016\/11\/IMG_0122-150x150.jpg\" class=\"attachment-thumbnail size-thumbnail\" alt=\"\" \/><\/a>\n\t\t\t<\/dt><\/dl><br style=\"clear: both\" \/><dl class='gallery-item'>\n\t\t\t<dt class='gallery-icon portrait'>\n\t\t\t\t<a href='https:\/\/www.kanizsatrans.hu\/wp-content\/uploads\/2016\/11\/IMG_0121.jpg'><img loading=\"lazy\" decoding=\"async\" width=\"150\" height=\"150\" src=\"https:\/\/www.kanizsatrans.hu\/wp-content\/uploads\/2016\/11\/IMG_0121-150x150.jpg\" class=\"attachment-thumbnail size-thumbnail\" alt=\"\" \/><\/a>\n\t\t\t<\/dt><\/dl><dl class='gallery-item'>\n\t\t\t<dt class='gallery-icon landscape'>\n\t\t\t\t<a href='https:\/\/www.kanizsatrans.hu\/wp-content\/uploads\/2016\/11\/IMG_0143.jpg'><img loading=\"lazy\" decoding=\"async\" width=\"150\" height=\"150\" src=\"https:\/\/www.kanizsatrans.hu\/wp-content\/uploads\/2016\/11\/IMG_0143-150x150.jpg\" class=\"attachment-thumbnail size-thumbnail\" alt=\"Kanizsatrans kamion\" aria-describedby=\"gallery-1-16\" \/><\/a>\n\t\t\t<\/dt>\n\t\t\t\t<dd class='wp-caption-text gallery-caption' id='gallery-1-16'>\n\t\t\t\tKanizsatrans kamion\n\t\t\t\t<\/dd><\/dl><dl class='gallery-item'>\n\t\t\t<dt class='gallery-icon landscape'>\n\t\t\t\t<a href='https:\/\/www.kanizsatrans.hu\/wp-content\/uploads\/2016\/11\/IMG_0098.jpg'><img loading=\"lazy\" decoding=\"async\" width=\"150\" height=\"150\" src=\"https:\/\/www.kanizsatrans.hu\/wp-content\/uploads\/2016\/11\/IMG_0098-150x150.jpg\" class=\"attachment-thumbnail size-thumbnail\" alt=\"Kanizsatrans Iroda\" aria-describedby=\"gallery-1-4\" \/><\/a>\n\t\t\t<\/dt>\n\t\t\t\t<dd class='wp-caption-text gallery-caption' id='gallery-1-4'>\n\t\t\t\tKanizsatrans Iroda\n\t\t\t\t<\/dd><\/dl>\n\t\t\t<br style='clear: both' \/>\n\t\t<\/div>\n\n","protected":false},"excerpt":{"rendered":"","protected":false},"author":1,"featured_media":0,"parent":0,"menu_order":0,"comment_status":"closed","ping_status":"closed","template":"showcase.php","meta":{"footnotes":""},"class_list":["post-72","page","type-page","status-publish","hentry"],"_links":{"self":[{"href":"https:\/\/www.kanizsatrans.hu\/en\/wp-json\/wp\/v2\/pages\/72","targetHints":{"allow":["GET"]}}],"collection":[{"href":"https:\/\/www.kanizsatrans.hu\/en\/wp-json\/wp\/v2\/pages"}],"about":[{"href":"https:\/\/www.kanizsatrans.hu\/en\/wp-json\/wp\/v2\/types\/page"}],"author":[{"embeddable":true,"href":"https:\/\/www.kanizsatrans.hu\/en\/wp-json\/wp\/v2\/users\/1"}],"replies":[{"embeddable":true,"href":"https:\/\/www.kanizsatrans.hu\/en\/wp-json\/wp\/v2\/comments?post=72"}],"version-history":[{"count":29,"href":"https:\/\/www.kanizsatrans.hu\/en\/wp-json\/wp\/v2\/pages\/72\/revisions"}],"predecessor-version":[{"id":195,"href":"https:\/\/www.kanizsatrans.hu\/en\/wp-json\/wp\/v2\/pages\/72\/revisions\/195"}],"wp:attachment":[{"href":"https:\/\/www.kanizsatrans.hu\/en\/wp-json\/wp\/v2\/media?parent=72"}],"curies":[{"name":"wp","href":"https:\/\/api.w.org\/{rel}","templated":true}]}}