{"id":9,"date":"2016-11-15T11:43:42","date_gmt":"2016-11-15T11:43:42","guid":{"rendered":"http:\/\/www.kanizsatrans.hu\/?page_id=9"},"modified":"2025-04-27T19:59:57","modified_gmt":"2025-04-27T19:59:57","slug":"kapcsolat","status":"publish","type":"page","link":"https:\/\/www.kanizsatrans.hu\/de\/kapcsolat\/","title":{"rendered":"Kontakt"},"content":{"rendered":"<p><strong><span style=\"font-size: xx-large;\">Kapcsolat<\/span><\/strong><br \/>\n<strong>P\u00e9ter Gyerty\u00e1n\u00e1gi \u2013 Gesch\u00e4ftf\u00fchrer<\/strong><br \/>\nTel: 0036\/93\/314-103<br \/>\nE-mail: <a href=\"mailto:peter.gyertyanagi@upcmail.hu\">peter.gyertyanagi@upcmail.hu<\/a><br \/>\n<strong>Zolt\u00e1nn\u00e9 Rajnics \u2013 Buchhalter<br \/>\n<\/strong>Tel: 0036\/93\/314-103<br \/>\nE-mail: <a href=\"mailto:penzugykt@chello.hu\">penzugykt@chello.hu<\/a><br \/>\n<strong>Rita Acsay\u00a0\u2013 Dispatcher<\/strong><br \/>\nTel: 0036\/93\/313-243, 310-737, 310-209<br \/>\nE-mail: <a href=\"mailto:kanizsatrans@chello.hu\">kanizsatrans@chello.hu<\/a><br \/>\n<strong>Zs\u00f3fia Horv\u00e1th\u00a0\u2013 Dispatcher<\/strong><br \/>\nTel: 0036\/93\/313-243, 310-737, 310-209<br \/>\nE-mail: <a href=\"mailto:kanizsatrans@chello.hu\">kanizsatrans@chello.hu<\/a><br \/>\n&nbsp;<\/p>","protected":false},"excerpt":{"rendered":"<p>Kapcsolat P\u00e9ter Gyerty\u00e1n\u00e1gi \u2013 Gesch\u00e4ftf\u00fchrer Tel: 0036\/93\/314-103 E-mail: peter.gyertyanagi@upcmail.hu Zolt\u00e1nn\u00e9 Rajnics \u2013 Buchhalter Tel: 0036\/93\/314-103 E-mail: penzugykt@chello.hu Rita Acsay\u00a0\u2013 Dispatcher Tel: 0036\/93\/313-243, 310-737, 310-209 E-mail: kanizsatrans@chello.hu Zs\u00f3fia Horv\u00e1th\u00a0\u2013 Dispatcher Tel: 0036\/93\/313-243, 310-737, 310-209 E-mail: kanizsatrans@chello.hu &nbsp;<\/p>\n","protected":false},"author":1,"featured_media":0,"parent":0,"menu_order":0,"comment_status":"closed","ping_status":"closed","template":"showcase.php","meta":{"footnotes":""},"class_list":["post-9","page","type-page","status-publish","hentry"],"_links":{"self":[{"href":"https:\/\/www.kanizsatrans.hu\/de\/wp-json\/wp\/v2\/pages\/9","targetHints":{"allow":["GET"]}}],"collection":[{"href":"https:\/\/www.kanizsatrans.hu\/de\/wp-json\/wp\/v2\/pages"}],"about":[{"href":"https:\/\/www.kanizsatrans.hu\/de\/wp-json\/wp\/v2\/types\/page"}],"author":[{"embeddable":true,"href":"https:\/\/www.kanizsatrans.hu\/de\/wp-json\/wp\/v2\/users\/1"}],"replies":[{"embeddable":true,"href":"https:\/\/www.kanizsatrans.hu\/de\/wp-json\/wp\/v2\/comments?post=9"}],"version-history":[{"count":13,"href":"https:\/\/www.kanizsatrans.hu\/de\/wp-json\/wp\/v2\/pages\/9\/revisions"}],"predecessor-version":[{"id":256,"href":"https:\/\/www.kanizsatrans.hu\/de\/wp-json\/wp\/v2\/pages\/9\/revisions\/256"}],"wp:attachment":[{"href":"https:\/\/www.kanizsatrans.hu\/de\/wp-json\/wp\/v2\/media?parent=9"}],"curies":[{"name":"wp","href":"https:\/\/api.w.org\/{rel}","templated":true}]}}