{"id":27,"date":"2016-11-15T12:12:06","date_gmt":"2016-11-15T12:12:06","guid":{"rendered":"http:\/\/www.kanizsatrans.hu\/?page_id=27"},"modified":"2025-04-27T19:57:27","modified_gmt":"2025-04-27T19:57:27","slug":"jarmupark","status":"publish","type":"page","link":"https:\/\/www.kanizsatrans.hu\/de\/jarmupark\/","title":{"rendered":"Sattelschlepperpark"},"content":{"rendered":"<p><strong><span style=\"font-size: xx-large;\">Sattelschlepperpark<\/span><\/strong><br \/>\nUnser Sattelschlepperpark besteht aus 16 eigenen\u201c Mega\u201c Gr\u00f6sse Camion mit Tragf\u00e4higkeit 20T (ausser 1).<br \/>\nWir haben Volvo, Mercedes und Scania Schleppern, und K\u00f6gel Aufliegers.<br \/>\nUnsere 0-8 alten Vehikels hat eine Klassifikation EURO 6.<\/p>\n<table>\n<tbody>\n<tr>\n<th>\n<p><div id=\"attachment_34\" style=\"width: 160px\" class=\"wp-caption aligncenter\"><a href=\"https:\/\/www.kanizsatrans.hu\/wp-content\/uploads\/2016\/11\/IMG_0135.jpg\"><img loading=\"lazy\" decoding=\"async\" aria-describedby=\"caption-attachment-34\" class=\"size-thumbnail wp-image-36\" src=\"https:\/\/www.kanizsatrans.hu\/wp-content\/uploads\/2016\/11\/IMG_0132.jpg\" alt=\"Volvo FH12\" width=\"150\" height=\"150\" \/><\/a><p id=\"caption-attachment-34\" class=\"wp-caption-text\">Volvo FH12<\/p><\/div><\/th>\n<th>\n<p><div id=\"attachment_139\" style=\"width: 160px\" class=\"wp-caption aligncenter\"><a href=\"https:\/\/www.kanizsatrans.hu\/wp-content\/uploads\/2017\/01\/IMG_0143.jpg\"><img loading=\"lazy\" decoding=\"async\" aria-describedby=\"caption-attachment-139\" class=\"size-thumbnail wp-image-139\" src=\"https:\/\/www.kanizsatrans.hu\/wp-content\/uploads\/2017\/01\/IMG_0143-150x150.jpg\" alt=\"K\u00f6gel f\u00fcgg\u00f6ny ponyv\u00e1s\" width=\"150\" height=\"150\" \/><\/a><p id=\"caption-attachment-139\" class=\"wp-caption-text\">K\u00f6gel f\u00fcgg\u00f6ny ponyv\u00e1s<\/p><\/div><\/th>\n<th><\/th>\n<\/tr>\n<tr>\n<th><\/th>\n<\/tr>\n<\/tbody>\n<\/table>\n<p><\/p>","protected":false},"excerpt":{"rendered":"<p>Sattelschlepperpark Unser Sattelschlepperpark besteht aus 16 eigenen\u201c Mega\u201c Gr\u00f6sse Camion mit Tragf\u00e4higkeit 20T (ausser 1). Wir haben Volvo, Mercedes und Scania Schleppern, und K\u00f6gel Aufliegers. Unsere 0-8 alten Vehikels hat eine Klassifikation EURO 6.<\/p>\n","protected":false},"author":1,"featured_media":0,"parent":0,"menu_order":0,"comment_status":"closed","ping_status":"closed","template":"showcase.php","meta":{"footnotes":""},"class_list":["post-27","page","type-page","status-publish","hentry"],"_links":{"self":[{"href":"https:\/\/www.kanizsatrans.hu\/de\/wp-json\/wp\/v2\/pages\/27","targetHints":{"allow":["GET"]}}],"collection":[{"href":"https:\/\/www.kanizsatrans.hu\/de\/wp-json\/wp\/v2\/pages"}],"about":[{"href":"https:\/\/www.kanizsatrans.hu\/de\/wp-json\/wp\/v2\/types\/page"}],"author":[{"embeddable":true,"href":"https:\/\/www.kanizsatrans.hu\/de\/wp-json\/wp\/v2\/users\/1"}],"replies":[{"embeddable":true,"href":"https:\/\/www.kanizsatrans.hu\/de\/wp-json\/wp\/v2\/comments?post=27"}],"version-history":[{"count":22,"href":"https:\/\/www.kanizsatrans.hu\/de\/wp-json\/wp\/v2\/pages\/27\/revisions"}],"predecessor-version":[{"id":254,"href":"https:\/\/www.kanizsatrans.hu\/de\/wp-json\/wp\/v2\/pages\/27\/revisions\/254"}],"wp:attachment":[{"href":"https:\/\/www.kanizsatrans.hu\/de\/wp-json\/wp\/v2\/media?parent=27"}],"curies":[{"name":"wp","href":"https:\/\/api.w.org\/{rel}","templated":true}]}}